{"id":12694,"date":"2021-12-06T08:42:56","date_gmt":"2021-12-06T08:42:56","guid":{"rendered":"https:\/\/www.incye.com\/blog\/"},"modified":"2025-03-20T07:48:55","modified_gmt":"2025-03-20T07:48:55","slug":"blog","status":"publish","type":"page","link":"https:\/\/www.incye.com\/fr\/blog\/","title":{"rendered":"Blog"},"content":{"rendered":"\t\t<div data-elementor-type=\"wp-page\" data-elementor-id=\"12694\" class=\"elementor elementor-12694 elementor-4088\" data-elementor-post-type=\"page\">\n\t\t\t\t\t\t<section class=\"elementor-section elementor-top-section elementor-element elementor-element-6ca01437 elementor-section-height-min-height elementor-section-content-bottom elementor-section-full_width elementor-section-height-default elementor-section-items-middle\" data-id=\"6ca01437\" data-element_type=\"section\" data-e-type=\"section\" data-settings=\"{&quot;background_background&quot;:&quot;classic&quot;}\">\n\t\t\t\t\t\t\t<div class=\"elementor-background-overlay\"><\/div>\n\t\t\t\t\t\t\t<div class=\"elementor-container elementor-column-gap-default\">\n\t\t\t\t\t<div class=\"elementor-column elementor-col-100 elementor-top-column elementor-element elementor-element-eda5e12\" data-id=\"eda5e12\" data-element_type=\"column\" data-e-type=\"column\">\n\t\t\t<div class=\"elementor-widget-wrap elementor-element-populated\">\n\t\t\t\t\t\t\t<\/div>\n\t\t<\/div>\n\t\t\t\t\t<\/div>\n\t\t<\/section>\n\t\t\t\t<section class=\"elementor-section elementor-top-section elementor-element elementor-element-31efae08 elementor-section-full_width elementor-section-height-default elementor-section-height-default\" data-id=\"31efae08\" data-element_type=\"section\" data-e-type=\"section\">\n\t\t\t\t\t\t<div class=\"elementor-container elementor-column-gap-default\">\n\t\t\t\t\t<div class=\"elementor-column elementor-col-100 elementor-top-column elementor-element elementor-element-17e98210\" data-id=\"17e98210\" data-element_type=\"column\" data-e-type=\"column\">\n\t\t\t<div class=\"elementor-widget-wrap\">\n\t\t\t\t\t\t\t<\/div>\n\t\t<\/div>\n\t\t\t\t\t<\/div>\n\t\t<\/section>\n\t\t\t\t<section class=\"elementor-section elementor-top-section elementor-element elementor-element-3f509a75 elementor-section-full_width elementor-section-height-default elementor-section-height-default\" data-id=\"3f509a75\" data-element_type=\"section\" data-e-type=\"section\">\n\t\t\t\t\t\t<div class=\"elementor-container elementor-column-gap-default\">\n\t\t\t\t\t<div class=\"elementor-column elementor-col-66 elementor-top-column elementor-element elementor-element-190fd74e\" data-id=\"190fd74e\" data-element_type=\"column\" data-e-type=\"column\">\n\t\t\t<div class=\"elementor-widget-wrap elementor-element-populated\">\n\t\t\t\t\t\t<div class=\"elementor-element elementor-element-8d34f73 elementor-grid-2 elementor-grid-tablet-2 elementor-grid-mobile-1 elementor-posts--thumbnail-top elementor-card-shadow-yes elementor-posts__hover-gradient elementor-widget elementor-widget-posts\" data-id=\"8d34f73\" data-element_type=\"widget\" data-e-type=\"widget\" data-settings=\"{&quot;cards_columns&quot;:&quot;2&quot;,&quot;pagination_type&quot;:&quot;numbers&quot;,&quot;cards_columns_tablet&quot;:&quot;2&quot;,&quot;cards_columns_mobile&quot;:&quot;1&quot;,&quot;cards_row_gap&quot;:{&quot;unit&quot;:&quot;px&quot;,&quot;size&quot;:35,&quot;sizes&quot;:[]},&quot;cards_row_gap_tablet&quot;:{&quot;unit&quot;:&quot;px&quot;,&quot;size&quot;:&quot;&quot;,&quot;sizes&quot;:[]},&quot;cards_row_gap_mobile&quot;:{&quot;unit&quot;:&quot;px&quot;,&quot;size&quot;:&quot;&quot;,&quot;sizes&quot;:[]}}\" data-widget_type=\"posts.cards\">\n\t\t\t\t<div class=\"elementor-widget-container\">\n\t\t\t\t\t\t\t<div class=\"elementor-posts-container elementor-posts elementor-posts--skin-cards elementor-grid\" role=\"list\">\n\t\t\t\t<article class=\"elementor-post elementor-grid-item post-17032 post type-post status-publish format-standard has-post-thumbnail hentry category-incye-fr\" role=\"listitem\">\n\t\t\t<div class=\"elementor-post__card\">\n\t\t\t\t<a class=\"elementor-post__thumbnail__link\" href=\"https:\/\/www.incye.com\/fr\/31-ans-dhistorie\/\" tabindex=\"-1\" ><div class=\"elementor-post__thumbnail\"><img fetchpriority=\"high\" decoding=\"async\" width=\"768\" height=\"168\" src=\"https:\/\/www.incye.com\/wp-content\/smush-webp\/2022\/02\/Banner-Video-FR-768x168.jpg.webp\" class=\"attachment-medium_large size-medium_large wp-image-17195\" alt=\"\" srcset=\"https:\/\/www.incye.com\/wp-content\/smush-webp\/2022\/02\/Banner-Video-FR-768x168.jpg.webp 768w, https:\/\/www.incye.com\/wp-content\/smush-webp\/2022\/02\/Banner-Video-FR-300x66.jpg.webp 300w, https:\/\/www.incye.com\/wp-content\/smush-webp\/2022\/02\/Banner-Video-FR-1024x224.jpg.webp 1024w, https:\/\/www.incye.com\/wp-content\/smush-webp\/2022\/02\/Banner-Video-FR-1536x336.jpg.webp 1536w, https:\/\/www.incye.com\/wp-content\/uploads\/2022\/02\/Banner-Video-FR.jpg 1920w\" sizes=\"(max-width: 768px) 100vw, 768px\" \/><\/div><\/a>\n\t\t\t\t<div class=\"elementor-post__text\">\n\t\t\t\t<h3 class=\"elementor-post__title\">\n\t\t\t<a href=\"https:\/\/www.incye.com\/fr\/31-ans-dhistorie\/\" >\n\t\t\t\tc\u00e9l\u00e9brons 31 ans d&rsquo;histoire\t\t\t<\/a>\n\t\t<\/h3>\n\t\t\t\t<div class=\"elementor-post__excerpt\">\n\t\t\t<p>Le 17 janvier 2022, nous c\u00e9l\u00e9brons 31 ans d&rsquo;histoire. Et nous le c\u00e9l\u00e9brons avec cette<\/p>\n\t\t<\/div>\n\t\t\t\t<\/div>\n\t\t\t\t<div class=\"elementor-post__meta-data\">\n\t\t\t\t\t<span class=\"elementor-post-date\">\n\t\t\t9 f\u00e9vrier 2022\t\t<\/span>\n\t\t\t\t<span class=\"elementor-post-avatar\">\n\t\t\tAucun commentaire\t\t<\/span>\n\t\t\t\t<\/div>\n\t\t\t\t\t<\/div>\n\t\t<\/article>\n\t\t\t\t<article class=\"elementor-post elementor-grid-item post-17158 post type-post status-publish format-standard has-post-thumbnail hentry category-incye-fr\" role=\"listitem\">\n\t\t\t<div class=\"elementor-post__card\">\n\t\t\t\t<a class=\"elementor-post__thumbnail__link\" href=\"https:\/\/www.incye.com\/fr\/incye-lance-un-nouveau-site-web\/\" tabindex=\"-1\" ><div class=\"elementor-post__thumbnail\"><img decoding=\"async\" width=\"768\" height=\"168\" data-src=\"https:\/\/www.incye.com\/wp-content\/smush-webp\/2022\/02\/Banner-web-FR-768x168.jpg.webp\" class=\"attachment-medium_large size-medium_large wp-image-17204 lazyload\" alt=\"\" data-srcset=\"https:\/\/www.incye.com\/wp-content\/smush-webp\/2022\/02\/Banner-web-FR-768x168.jpg.webp 768w, https:\/\/www.incye.com\/wp-content\/smush-webp\/2022\/02\/Banner-web-FR-300x66.jpg.webp 300w, https:\/\/www.incye.com\/wp-content\/smush-webp\/2022\/02\/Banner-web-FR-1024x224.jpg.webp 1024w, https:\/\/www.incye.com\/wp-content\/smush-webp\/2022\/02\/Banner-web-FR-1536x336.jpg.webp 1536w, https:\/\/www.incye.com\/wp-content\/uploads\/2022\/02\/Banner-web-FR.jpg 1920w\" data-sizes=\"(max-width: 768px) 100vw, 768px\" src=\"data:image\/gif;base64,R0lGODlhAQABAAAAACH5BAEKAAEALAAAAAABAAEAAAICTAEAOw==\" style=\"--smush-placeholder-width: 768px; --smush-placeholder-aspect-ratio: 768\/168;\" \/><\/div><\/a>\n\t\t\t\t<div class=\"elementor-post__text\">\n\t\t\t\t<h3 class=\"elementor-post__title\">\n\t\t\t<a href=\"https:\/\/www.incye.com\/fr\/incye-lance-un-nouveau-site-web\/\" >\n\t\t\t\tINCYE lance un nouveau site web\t\t\t<\/a>\n\t\t<\/h3>\n\t\t\t\t<div class=\"elementor-post__excerpt\">\n\t\t\t<p>Le 17 janvier 2022, nous f\u00eatons 31 ans ensemble. Pour le c\u00e9l\u00e9brer, nous avons renouvel\u00e9<\/p>\n\t\t<\/div>\n\t\t\t\t<\/div>\n\t\t\t\t<div class=\"elementor-post__meta-data\">\n\t\t\t\t\t<span class=\"elementor-post-date\">\n\t\t\t9 f\u00e9vrier 2022\t\t<\/span>\n\t\t\t\t<span class=\"elementor-post-avatar\">\n\t\t\tAucun commentaire\t\t<\/span>\n\t\t\t\t<\/div>\n\t\t\t\t\t<\/div>\n\t\t<\/article>\n\t\t\t\t<article class=\"elementor-post elementor-grid-item post-6636 post type-post status-publish format-standard has-post-thumbnail hentry category-travaux-publics\" role=\"listitem\">\n\t\t\t<div class=\"elementor-post__card\">\n\t\t\t\t<a class=\"elementor-post__thumbnail__link\" href=\"https:\/\/www.incye.com\/fr\/renovation-du-stade-du-levante-u-d\/\" tabindex=\"-1\" ><div class=\"elementor-post__thumbnail\"><img decoding=\"async\" width=\"768\" height=\"432\" data-src=\"https:\/\/www.incye.com\/wp-content\/uploads\/2020\/09\/Imagen1-768x432.jpg\" class=\"attachment-medium_large size-medium_large wp-image-7787 lazyload\" alt=\"\" data-srcset=\"https:\/\/www.incye.com\/wp-content\/uploads\/2020\/09\/Imagen1-768x432.jpg 768w, https:\/\/www.incye.com\/wp-content\/uploads\/2020\/09\/Imagen1-300x169.jpg 300w, https:\/\/www.incye.com\/wp-content\/uploads\/2020\/09\/Imagen1-1024x575.jpg 1024w, https:\/\/www.incye.com\/wp-content\/uploads\/2020\/09\/Imagen1.jpg 1470w\" data-sizes=\"(max-width: 768px) 100vw, 768px\" src=\"data:image\/gif;base64,R0lGODlhAQABAAAAACH5BAEKAAEALAAAAAABAAEAAAICTAEAOw==\" style=\"--smush-placeholder-width: 768px; --smush-placeholder-aspect-ratio: 768\/432;\" \/><\/div><\/a>\n\t\t\t\t<div class=\"elementor-post__text\">\n\t\t\t\t<h3 class=\"elementor-post__title\">\n\t\t\t<a href=\"https:\/\/www.incye.com\/fr\/renovation-du-stade-du-levante-u-d\/\" >\n\t\t\t\tR\u00e9novation du stade du Levante U.D.\t\t\t<\/a>\n\t\t<\/h3>\n\t\t\t\t<div class=\"elementor-post__excerpt\">\n\t\t\t<p>\u00c0 la fin de la saison 2019-2020, le club espagnol de football Levante U.D. a<\/p>\n\t\t<\/div>\n\t\t\t\t<\/div>\n\t\t\t\t<div class=\"elementor-post__meta-data\">\n\t\t\t\t\t<span class=\"elementor-post-date\">\n\t\t\t4 janvier 2021\t\t<\/span>\n\t\t\t\t<span class=\"elementor-post-avatar\">\n\t\t\tAucun commentaire\t\t<\/span>\n\t\t\t\t<\/div>\n\t\t\t\t\t<\/div>\n\t\t<\/article>\n\t\t\t\t<article class=\"elementor-post elementor-grid-item post-4442 post type-post status-publish format-standard has-post-thumbnail hentry category-non-classifiee tag-etaiement tag-etanconnements-de-facade-fr\" role=\"listitem\">\n\t\t\t<div class=\"elementor-post__card\">\n\t\t\t\t<a class=\"elementor-post__thumbnail__link\" href=\"https:\/\/www.incye.com\/fr\/systeme-detaiement-modulaire-megaprop\/\" tabindex=\"-1\" ><div class=\"elementor-post__thumbnail\"><img decoding=\"async\" width=\"768\" height=\"256\" data-src=\"https:\/\/www.incye.com\/wp-content\/uploads\/2018\/08\/articulo-megaprop-768x256.jpg\" class=\"attachment-medium_large size-medium_large wp-image-1893 lazyload\" alt=\"\" data-srcset=\"https:\/\/www.incye.com\/wp-content\/uploads\/2018\/08\/articulo-megaprop-768x256.jpg 768w, https:\/\/www.incye.com\/wp-content\/uploads\/2018\/08\/articulo-megaprop-300x100.jpg 300w, https:\/\/www.incye.com\/wp-content\/uploads\/2018\/08\/articulo-megaprop-1024x341.jpg 1024w, https:\/\/www.incye.com\/wp-content\/uploads\/2018\/08\/articulo-megaprop.jpg 1200w\" data-sizes=\"(max-width: 768px) 100vw, 768px\" src=\"data:image\/gif;base64,R0lGODlhAQABAAAAACH5BAEKAAEALAAAAAABAAEAAAICTAEAOw==\" style=\"--smush-placeholder-width: 768px; --smush-placeholder-aspect-ratio: 768\/256;\" \/><\/div><\/a>\n\t\t\t\t<div class=\"elementor-post__text\">\n\t\t\t\t<h3 class=\"elementor-post__title\">\n\t\t\t<a href=\"https:\/\/www.incye.com\/fr\/systeme-detaiement-modulaire-megaprop\/\" >\n\t\t\t\tSyst\u00e8me d&rsquo;\u00e9taiement modulaire MEGAPROP\t\t\t<\/a>\n\t\t<\/h3>\n\t\t\t\t<div class=\"elementor-post__excerpt\">\n\t\t\t<p>Chez INCYE, nous proposons des solutions sur mesure pour r\u00e9pondre aux besoins de chaque projet<\/p>\n\t\t<\/div>\n\t\t\t\t<\/div>\n\t\t\t\t<div class=\"elementor-post__meta-data\">\n\t\t\t\t\t<span class=\"elementor-post-date\">\n\t\t\t22 octobre 2020\t\t<\/span>\n\t\t\t\t<span class=\"elementor-post-avatar\">\n\t\t\tAucun commentaire\t\t<\/span>\n\t\t\t\t<\/div>\n\t\t\t\t\t<\/div>\n\t\t<\/article>\n\t\t\t\t<article class=\"elementor-post elementor-grid-item post-4419 post type-post status-publish format-standard has-post-thumbnail hentry category-edificacion category-non-classifiee\" role=\"listitem\">\n\t\t\t<div class=\"elementor-post__card\">\n\t\t\t\t<a class=\"elementor-post__thumbnail__link\" href=\"https:\/\/www.incye.com\/fr\/butonnage-de-parois\/\" tabindex=\"-1\" ><div class=\"elementor-post__thumbnail\"><img decoding=\"async\" width=\"768\" height=\"256\" data-src=\"https:\/\/www.incye.com\/wp-content\/uploads\/2018\/09\/acodalamientos1-768x256.jpg\" class=\"attachment-medium_large size-medium_large wp-image-7252 lazyload\" alt=\"\" data-srcset=\"https:\/\/www.incye.com\/wp-content\/uploads\/2018\/09\/acodalamientos1-768x256.jpg 768w, https:\/\/www.incye.com\/wp-content\/uploads\/2018\/09\/acodalamientos1-300x100.jpg 300w, https:\/\/www.incye.com\/wp-content\/uploads\/2018\/09\/acodalamientos1-1024x341.jpg 1024w, https:\/\/www.incye.com\/wp-content\/uploads\/2018\/09\/acodalamientos1.jpg 1200w\" data-sizes=\"(max-width: 768px) 100vw, 768px\" src=\"data:image\/gif;base64,R0lGODlhAQABAAAAACH5BAEKAAEALAAAAAABAAEAAAICTAEAOw==\" style=\"--smush-placeholder-width: 768px; --smush-placeholder-aspect-ratio: 768\/256;\" \/><\/div><\/a>\n\t\t\t\t<div class=\"elementor-post__text\">\n\t\t\t\t<h3 class=\"elementor-post__title\">\n\t\t\t<a href=\"https:\/\/www.incye.com\/fr\/butonnage-de-parois\/\" >\n\t\t\t\tButonnage de parois\t\t\t<\/a>\n\t\t<\/h3>\n\t\t\t\t<div class=\"elementor-post__excerpt\">\n\t\t\t<p>Le butonnage des parois est une solution temporaire tr\u00e8s courante aussi bien dans les nouvelles<\/p>\n\t\t<\/div>\n\t\t\t\t<\/div>\n\t\t\t\t<div class=\"elementor-post__meta-data\">\n\t\t\t\t\t<span class=\"elementor-post-date\">\n\t\t\t22 octobre 2020\t\t<\/span>\n\t\t\t\t<span class=\"elementor-post-avatar\">\n\t\t\tAucun commentaire\t\t<\/span>\n\t\t\t\t<\/div>\n\t\t\t\t\t<\/div>\n\t\t<\/article>\n\t\t\t\t<article class=\"elementor-post elementor-grid-item post-4386 post type-post status-publish format-standard has-post-thumbnail hentry category-batiments-fr\" role=\"listitem\">\n\t\t\t<div class=\"elementor-post__card\">\n\t\t\t\t<a class=\"elementor-post__thumbnail__link\" href=\"https:\/\/www.incye.com\/fr\/etaiements-et-butonnages-dans-le-batiment\/\" tabindex=\"-1\" ><div class=\"elementor-post__thumbnail\"><img decoding=\"async\" width=\"768\" height=\"256\" data-src=\"https:\/\/www.incye.com\/wp-content\/smush-webp\/2018\/09\/apeo-cubierta-atocha-768x256.jpg.webp\" class=\"attachment-medium_large size-medium_large wp-image-7254 lazyload\" alt=\"\" data-srcset=\"https:\/\/www.incye.com\/wp-content\/smush-webp\/2018\/09\/apeo-cubierta-atocha-768x256.jpg.webp 768w, https:\/\/www.incye.com\/wp-content\/smush-webp\/2018\/09\/apeo-cubierta-atocha-300x100.jpg.webp 300w, https:\/\/www.incye.com\/wp-content\/smush-webp\/2018\/09\/apeo-cubierta-atocha-1024x341.jpg.webp 1024w, https:\/\/www.incye.com\/wp-content\/smush-webp\/2018\/09\/apeo-cubierta-atocha-180x60.jpg.webp 180w, https:\/\/www.incye.com\/wp-content\/uploads\/2018\/09\/apeo-cubierta-atocha.jpg 1200w\" data-sizes=\"(max-width: 768px) 100vw, 768px\" src=\"data:image\/gif;base64,R0lGODlhAQABAAAAACH5BAEKAAEALAAAAAABAAEAAAICTAEAOw==\" style=\"--smush-placeholder-width: 768px; --smush-placeholder-aspect-ratio: 768\/256;\" \/><\/div><\/a>\n\t\t\t\t<div class=\"elementor-post__text\">\n\t\t\t\t<h3 class=\"elementor-post__title\">\n\t\t\t<a href=\"https:\/\/www.incye.com\/fr\/etaiements-et-butonnages-dans-le-batiment\/\" >\n\t\t\t\t\u00c9taiements et butonnages dans le B\u00e2timent\t\t\t<\/a>\n\t\t<\/h3>\n\t\t\t\t<div class=\"elementor-post__excerpt\">\n\t\t\t<p>Les \u00e9taiements et les butonnages dans les b\u00e2timents sont des structures auxiliaires dont le but<\/p>\n\t\t<\/div>\n\t\t\t\t<\/div>\n\t\t\t\t<div class=\"elementor-post__meta-data\">\n\t\t\t\t\t<span class=\"elementor-post-date\">\n\t\t\t21 octobre 2020\t\t<\/span>\n\t\t\t\t<span class=\"elementor-post-avatar\">\n\t\t\tAucun commentaire\t\t<\/span>\n\t\t\t\t<\/div>\n\t\t\t\t\t<\/div>\n\t\t<\/article>\n\t\t\t\t<\/div>\n\t\t\n\t\t\t\t<div class=\"e-load-more-anchor\" data-page=\"1\" data-max-page=\"3\" data-next-page=\"https:\/\/www.incye.com\/fr\/wp-json\/wp\/v2\/pages\/12694\/page\/2\/\"><\/div>\n\t\t\t\t<nav class=\"elementor-pagination\" aria-label=\"Pagination\">\n\t\t\t<span aria-current=\"page\" class=\"page-numbers current\"><span class=\"elementor-screen-only\">Page<\/span>1<\/span>\n<a class=\"page-numbers\" href=\"https:\/\/www.incye.com\/fr\/wp-json\/wp\/v2\/pages\/12694\/page\/2\/\"><span class=\"elementor-screen-only\">Page<\/span>2<\/a>\n<a class=\"page-numbers\" href=\"https:\/\/www.incye.com\/fr\/wp-json\/wp\/v2\/pages\/12694\/page\/3\/\"><span class=\"elementor-screen-only\">Page<\/span>3<\/a>\t\t<\/nav>\n\t\t\t\t\t\t<\/div>\n\t\t\t\t<\/div>\n\t\t\t\t\t<\/div>\n\t\t<\/div>\n\t\t\t\t<div class=\"elementor-column elementor-col-33 elementor-top-column elementor-element elementor-element-1defa5fb\" data-id=\"1defa5fb\" data-element_type=\"column\" data-e-type=\"column\">\n\t\t\t<div class=\"elementor-widget-wrap elementor-element-populated\">\n\t\t\t\t\t\t<div class=\"elementor-element elementor-element-3ff51db3 elementor-search-form--skin-minimal elementor-widget elementor-widget-search-form\" data-id=\"3ff51db3\" data-element_type=\"widget\" data-e-type=\"widget\" data-settings=\"{&quot;skin&quot;:&quot;minimal&quot;}\" data-widget_type=\"search-form.default\">\n\t\t\t\t<div class=\"elementor-widget-container\">\n\t\t\t\t\t\t\t<search role=\"search\">\n\t\t\t<form class=\"elementor-search-form\" action=\"https:\/\/www.incye.com\/fr\/\" method=\"get\">\n\t\t\t\t\t\t\t\t\t\t\t\t<div class=\"elementor-search-form__container\">\n\t\t\t\t\t<label class=\"elementor-screen-only\" for=\"elementor-search-form-3ff51db3\">Rechercher <\/label>\n\n\t\t\t\t\t\t\t\t\t\t\t<div class=\"elementor-search-form__icon\">\n\t\t\t\t\t\t\t<i aria-hidden=\"true\" class=\"fas fa-search\"><\/i>\t\t\t\t\t\t\t<span class=\"elementor-screen-only\">Rechercher <\/span>\n\t\t\t\t\t\t<\/div>\n\t\t\t\t\t\n\t\t\t\t\t<input id=\"elementor-search-form-3ff51db3\" placeholder=\"Chercher...\" class=\"elementor-search-form__input\" type=\"search\" name=\"s\" value=\"\">\n\t\t\t\t\t<input type='hidden' name='lang' value='fr' \/>\n\t\t\t\t\t\n\t\t\t\t\t\t\t\t\t<\/div>\n\t\t\t<\/form>\n\t\t<\/search>\n\t\t\t\t\t\t<\/div>\n\t\t\t\t<\/div>\n\t\t\t\t<section class=\"elementor-section elementor-inner-section elementor-element elementor-element-30d68d15 elementor-section-boxed elementor-section-height-default elementor-section-height-default\" data-id=\"30d68d15\" data-element_type=\"section\" data-e-type=\"section\" data-settings=\"{&quot;background_background&quot;:&quot;classic&quot;}\">\n\t\t\t\t\t\t<div class=\"elementor-container elementor-column-gap-default\">\n\t\t\t\t\t<div class=\"elementor-column elementor-col-100 elementor-inner-column elementor-element elementor-element-5c4fb5db\" data-id=\"5c4fb5db\" data-element_type=\"column\" data-e-type=\"column\">\n\t\t\t<div class=\"elementor-widget-wrap elementor-element-populated\">\n\t\t\t\t\t\t<div class=\"elementor-element elementor-element-5dd46fdc elementor-widget elementor-widget-heading\" data-id=\"5dd46fdc\" data-element_type=\"widget\" data-e-type=\"widget\" data-widget_type=\"heading.default\">\n\t\t\t\t<div class=\"elementor-widget-container\">\n\t\t\t\t\t<div class=\"elementor-heading-title elementor-size-default\">Demandez nous des informations sans engagement<\/div>\t\t\t\t<\/div>\n\t\t\t\t<\/div>\n\t\t\t\t<div class=\"elementor-element elementor-element-7f510421 elementor-align-center elementor-widget elementor-widget-button\" data-id=\"7f510421\" data-element_type=\"widget\" data-e-type=\"widget\" data-widget_type=\"button.default\">\n\t\t\t\t<div class=\"elementor-widget-container\">\n\t\t\t\t\t\t\t\t\t<div class=\"elementor-button-wrapper\">\n\t\t\t\t\t<a class=\"elementor-button elementor-button-link elementor-size-sm elementor-animation-shrink\" href=\"https:\/\/www.incye.com\/fr\/contact\/\">\n\t\t\t\t\t\t<span class=\"elementor-button-content-wrapper\">\n\t\t\t\t\t\t\t\t\t<span class=\"elementor-button-text\">Demandez nous de vous aider<\/span>\n\t\t\t\t\t<\/span>\n\t\t\t\t\t<\/a>\n\t\t\t\t<\/div>\n\t\t\t\t\t\t\t\t<\/div>\n\t\t\t\t<\/div>\n\t\t\t\t\t<\/div>\n\t\t<\/div>\n\t\t\t\t\t<\/div>\n\t\t<\/section>\n\t\t\t\t\t<\/div>\n\t\t<\/div>\n\t\t\t\t\t<\/div>\n\t\t<\/section>\n\t\t\t\t<\/div>\n\t\t","protected":false},"excerpt":{"rendered":"<p>Demandez nous des informations sans engagement Demandez nous de vous aider<\/p>\n","protected":false},"author":5,"featured_media":0,"parent":0,"menu_order":0,"comment_status":"closed","ping_status":"closed","template":"","meta":{"footnotes":""},"class_list":["post-12694","page","type-page","status-publish","hentry"],"_links":{"self":[{"href":"https:\/\/www.incye.com\/fr\/wp-json\/wp\/v2\/pages\/12694","targetHints":{"allow":["GET"]}}],"collection":[{"href":"https:\/\/www.incye.com\/fr\/wp-json\/wp\/v2\/pages"}],"about":[{"href":"https:\/\/www.incye.com\/fr\/wp-json\/wp\/v2\/types\/page"}],"author":[{"embeddable":true,"href":"https:\/\/www.incye.com\/fr\/wp-json\/wp\/v2\/users\/5"}],"replies":[{"embeddable":true,"href":"https:\/\/www.incye.com\/fr\/wp-json\/wp\/v2\/comments?post=12694"}],"version-history":[{"count":3,"href":"https:\/\/www.incye.com\/fr\/wp-json\/wp\/v2\/pages\/12694\/revisions"}],"predecessor-version":[{"id":20091,"href":"https:\/\/www.incye.com\/fr\/wp-json\/wp\/v2\/pages\/12694\/revisions\/20091"}],"wp:attachment":[{"href":"https:\/\/www.incye.com\/fr\/wp-json\/wp\/v2\/media?parent=12694"}],"curies":[{"name":"wp","href":"https:\/\/api.w.org\/{rel}","templated":true}]}}