{"id":14460,"date":"2021-12-16T12:27:12","date_gmt":"2021-12-16T12:27:12","guid":{"rendered":"https:\/\/www.incye.com\/sur-nous\/politica-de-calidad\/"},"modified":"2022-01-23T10:15:14","modified_gmt":"2022-01-23T10:15:14","slug":"politique-qualite","status":"publish","type":"page","link":"https:\/\/www.incye.com\/fr\/sur-nous\/politique-qualite\/","title":{"rendered":"Politique qualit\u00e9, s\u00e9curit\u00e9 et sant\u00e9"},"content":{"rendered":"\t\t<div data-elementor-type=\"wp-page\" data-elementor-id=\"14460\" class=\"elementor elementor-14460 elementor-10901\" data-elementor-post-type=\"page\">\n\t\t\t\t\t\t<section class=\"elementor-section elementor-top-section elementor-element elementor-element-2947b60 elementor-section-height-min-height elementor-section-content-bottom elementor-section-full_width elementor-section-height-default elementor-section-items-middle\" data-id=\"2947b60\" data-element_type=\"section\" data-e-type=\"section\" data-settings=\"{&quot;background_background&quot;:&quot;classic&quot;}\">\n\t\t\t\t\t\t\t<div class=\"elementor-background-overlay\"><\/div>\n\t\t\t\t\t\t\t<div class=\"elementor-container elementor-column-gap-default\">\n\t\t\t\t\t<div class=\"elementor-column elementor-col-100 elementor-top-column elementor-element elementor-element-2eee1bf\" data-id=\"2eee1bf\" data-element_type=\"column\" data-e-type=\"column\">\n\t\t\t<div class=\"elementor-widget-wrap elementor-element-populated\">\n\t\t\t\t\t\t<div class=\"elementor-element elementor-element-8f44531 elementor-widget elementor-widget-heading\" data-id=\"8f44531\" data-element_type=\"widget\" data-e-type=\"widget\" data-widget_type=\"heading.default\">\n\t\t\t\t<div class=\"elementor-widget-container\">\n\t\t\t\t\t<h1 class=\"elementor-heading-title elementor-size-default\">Politique qualit\u00e9, s\u00e9curit\u00e9 et sant\u00e9\n<\/h1>\t\t\t\t<\/div>\n\t\t\t\t<\/div>\n\t\t\t\t\t<\/div>\n\t\t<\/div>\n\t\t\t\t\t<\/div>\n\t\t<\/section>\n\t\t\t\t<section class=\"elementor-section elementor-top-section elementor-element elementor-element-bd02948 elementor-section-full_width elementor-section-height-default elementor-section-height-default\" data-id=\"bd02948\" data-element_type=\"section\" data-e-type=\"section\">\n\t\t\t\t\t\t<div class=\"elementor-container elementor-column-gap-default\">\n\t\t\t\t\t<div class=\"elementor-column elementor-col-100 elementor-top-column elementor-element elementor-element-11f999b\" data-id=\"11f999b\" data-element_type=\"column\" data-e-type=\"column\">\n\t\t\t<div class=\"elementor-widget-wrap elementor-element-populated\">\n\t\t\t\t\t\t<div class=\"elementor-element elementor-element-dbca2ae elementor-widget elementor-widget-text-editor\" data-id=\"dbca2ae\" data-element_type=\"widget\" data-e-type=\"widget\" data-widget_type=\"text-editor.default\">\n\t\t\t\t<div class=\"elementor-widget-container\">\n\t\t\t\t\t\t\t\t\t<p>INGENIER\u00cdA DE CIMBRAS Y ENCOFRADOS IB\u00c9RICA, S.A.U. (INCYE) est une entreprise bas\u00e9e sur la qualit\u00e9 des produits, le service client, l\u2019innovation industrielle et l\u2019adaptation au march\u00e9, o\u00f9 le respect des lois, r\u00e9glementations applicables et engagements sign\u00e9s par l\u2019entreprise sont une exigence qui doit \u00eatre connue, comprise et appliqu\u00e9e dans toutes les activit\u00e9s de l\u2019entreprise.\u00a0<\/p><p>INCYE s\u2019engage \u00e0 atteindre les plus hauts standards de sant\u00e9 et de s\u00e9curit\u00e9 dans toutes ses activit\u00e9s et souligne l\u2019importance que les conditions de travail ont sur la s\u00e9curit\u00e9 et la sant\u00e9 de ses employ\u00e9s et de toutes les personnes concern\u00e9es par ses activit\u00e9s. Pour atteindre ce niveau \u00e9lev\u00e9, INCYE consid\u00e8re une priorit\u00e9 la s\u00e9curit\u00e9 et la sant\u00e9 de tous ses employ\u00e9s et collaborateurs.<\/p><p>Cette culture est nourrie par la direction g\u00e9n\u00e9rale d\u2019INCYE et se transmet \u00e0 chaque collaborateur dans l\u2019activit\u00e9 quotidienne de conception, vente, location, fabrication et assemblage de coffrages, de cintres et de produits li\u00e9s au secteur de la construction et du g\u00e9nie civil.<\/p><p>Pour cette raison, INCYE met en \u0153uvre un Syst\u00e8me de Management Int\u00e9gr\u00e9 de la Qualit\u00e9, de la S\u00e9curit\u00e9 et de la Sant\u00e9 au Travail, conform\u00e9ment aux normes ISO 9001: 2015 et ISO 45001: 2018, qui repose sur les principes suivants:<\/p><ul><li>\u2022 Assumer un engagement durable en faveur de l\u2019am\u00e9lioration continue et, pour cela, nous d\u00e9terminons et traitons les risques et opportunit\u00e9s susceptibles d\u2019affecter la s\u00e9curit\u00e9 et la sant\u00e9, la conformit\u00e9 des produits et services et la capacit\u00e9 d\u2019augmenter la satisfaction des clients.<\/li><li>G\u00e9rer et mener toutes nos activit\u00e9s de mani\u00e8re s\u00fbre et responsable et \u00e9viter d\u2019affecter n\u00e9gativement la sant\u00e9 des personnes et la s\u00e9curit\u00e9 des installations.<\/li><li>Se tenir au courant des progr\u00e8s techniques dans tous les domaines, y compris la sant\u00e9 et la s\u00e9curit\u00e9, et mettre en \u0153uvre les am\u00e9liorations qui sont techniquement et \u00e9conomiquement r\u00e9alisables.<\/li><li>Identifier et \u00e9valuer les risques de toute nature, y compris ceux li\u00e9s \u00e0 la sant\u00e9 et \u00e0 la s\u00e9curit\u00e9, dans le but de mettre en \u0153uvre les actions correspondantes visant \u00e0 am\u00e9liorer les performances, \u00e0 \u00e9liminer les dangers et \u00e0 r\u00e9duire les risques pour la s\u00e9curit\u00e9 et la sant\u00e9 au travail.<\/li><li>\u00c9laborer, mettre en \u0153uvre et mettre \u00e0 jour le syst\u00e8me de gestion int\u00e9gr\u00e9 et le plan de pr\u00e9vention des risques professionnels.<\/li><li>Encourager la consultation et la participation des travailleurs dans le domaine de la sant\u00e9 et de la s\u00e9curit\u00e9, en coop\u00e9rant avec l\u2019entreprise pour augmenter les normes de s\u00e9curit\u00e9.<\/li><li>D\u00e9terminer annuellement les objectifs de conformit\u00e9 aux exigences l\u00e9gales, aux autres exigences et \u00e0 l\u2019am\u00e9lioration continue de la performance de l\u2019organisation dans tous les domaines.<\/li><li>Disposer des ressources n\u00e9cessaires pour l\u2019application du syst\u00e8me de management int\u00e9gr\u00e9, conform\u00e9ment aux normes\u00a0<a href=\"https:\/\/www.incye.com\/en\/cert_iso_9001_incye_vto_06-06-2021-en\/\" target=\"_blank\" rel=\"noopener noreferrer\"><strong>ISO 9001 : 2015<\/strong><\/a>\u00a0et ISO 45001 : 2018.<\/li><\/ul><p>Dans l\u2019ambition d\u2019obtenir des avantages comp\u00e9titifs et am\u00e9liorer la Qualit\u00e9 et la Sant\u00e9 et la S\u00e9curit\u00e9 dans l\u2019organisation, INCYE r\u00e9visera sa politique au moment ad\u00e9quat afin de s\u2019assurer de sa validit\u00e9, servant de cadre pour \u00e9tablir et revoir les objectifs annuels.<\/p><p>INCYE, \u00e0 travers ce document, exprime son engagement et le transmet \u00e0 toutes les composantes de sa structure et aux parties int\u00e9ress\u00e9es.<\/p>\t\t\t\t\t\t\t\t<\/div>\n\t\t\t\t<\/div>\n\t\t\t\t\t<\/div>\n\t\t<\/div>\n\t\t\t\t\t<\/div>\n\t\t<\/section>\n\t\t\t\t<\/div>\n\t\t","protected":false},"excerpt":{"rendered":"<p>Politique qualit\u00e9, s\u00e9curit\u00e9 et sant\u00e9 INGENIER\u00cdA DE CIMBRAS Y ENCOFRADOS IB\u00c9RICA, S.A.U. (INCYE) est une entreprise bas\u00e9e sur la qualit\u00e9 des produits, le service client, l\u2019innovation industrielle et l\u2019adaptation au march\u00e9, o\u00f9 le respect des lois, r\u00e9glementations applicables et engagements sign\u00e9s par l\u2019entreprise sont une exigence qui doit \u00eatre connue, comprise et appliqu\u00e9e dans toutes [&hellip;]<\/p>\n","protected":false},"author":5,"featured_media":0,"parent":12620,"menu_order":0,"comment_status":"closed","ping_status":"closed","template":"","meta":{"footnotes":""},"class_list":["post-14460","page","type-page","status-publish","hentry"],"_links":{"self":[{"href":"https:\/\/www.incye.com\/fr\/wp-json\/wp\/v2\/pages\/14460","targetHints":{"allow":["GET"]}}],"collection":[{"href":"https:\/\/www.incye.com\/fr\/wp-json\/wp\/v2\/pages"}],"about":[{"href":"https:\/\/www.incye.com\/fr\/wp-json\/wp\/v2\/types\/page"}],"author":[{"embeddable":true,"href":"https:\/\/www.incye.com\/fr\/wp-json\/wp\/v2\/users\/5"}],"replies":[{"embeddable":true,"href":"https:\/\/www.incye.com\/fr\/wp-json\/wp\/v2\/comments?post=14460"}],"version-history":[{"count":0,"href":"https:\/\/www.incye.com\/fr\/wp-json\/wp\/v2\/pages\/14460\/revisions"}],"up":[{"embeddable":true,"href":"https:\/\/www.incye.com\/fr\/wp-json\/wp\/v2\/pages\/12620"}],"wp:attachment":[{"href":"https:\/\/www.incye.com\/fr\/wp-json\/wp\/v2\/media?parent=14460"}],"curies":[{"name":"wp","href":"https:\/\/api.w.org\/{rel}","templated":true}]}}